{"id":8752,"date":"2019-02-26T14:25:41","date_gmt":"2019-02-26T20:25:41","guid":{"rendered":"http:\/\/noticias.igssgt.org\/?page_id=8752"},"modified":"2019-02-26T14:25:41","modified_gmt":"2019-02-26T20:25:41","slug":"eje-3-promocion-de-la-prevision-social","status":"publish","type":"page","link":"https:\/\/www.igssgt.org\/noticias\/politica-preventiva-de-la-seguridad-social-en-guatemala\/eje-3-promocion-de-la-prevision-social\/","title":{"rendered":"Eje 3: Promoci\u00f3n de la Previsi\u00f3n Social"},"content":{"rendered":"<div id=\"tdi_1\" class=\"tdc-row\"><div class=\"vc_row tdi_2  wpb_row td-pb-row\" >\n<style scoped>\n\/* custom css - generated by TagDiv Composer *\/\n\n\/* custom css - generated by TagDiv Composer *\/\n.tdi_2,\r\n                .tdi_2 .tdc-columns{\r\n                    min-height: 0;\r\n                }.tdi_2,\r\n\t\t\t\t.tdi_2 .tdc-columns{\r\n\t\t\t\t    display: block;\r\n\t\t\t\t}.tdi_2 .tdc-columns{\r\n\t\t\t\t    width: 100%;\r\n\t\t\t\t}.tdi_2:before,\r\n\t\t\t\t.tdi_2:after{\r\n\t\t\t\t    display: table;\r\n\t\t\t\t}\n<\/style><div class=\"vc_column tdi_4  wpb_column vc_column_container tdc-column td-pb-span12\">\n<style scoped>\n\/* custom css - generated by TagDiv Composer *\/\n\n\/* custom css - generated by TagDiv Composer *\/\n.tdi_4{\r\n                    vertical-align: baseline;\r\n                }.tdi_4 > .wpb_wrapper,\r\n\t\t\t\t.tdi_4 > .wpb_wrapper > .tdc-elements{\r\n\t\t\t\t    display: block;\r\n\t\t\t\t}.tdi_4 > .wpb_wrapper > .tdc-elements{\r\n\t\t\t\t    width: 100%;\r\n\t\t\t\t}.tdi_4 > .wpb_wrapper > .vc_row_inner{\r\n\t\t\t\t    width: auto;\r\n\t\t\t\t}.tdi_4 > .wpb_wrapper{\r\n\t\t\t\t    width: auto;\r\n\t\t\t\t    height: auto;\r\n\t\t\t\t}\n<\/style><div class=\"wpb_wrapper\" >[rev_slider alias=\u00bbEje3&#8243;]<\/div><\/div><\/div><\/div><div id=\"tdi_5\" class=\"tdc-row\"><div class=\"vc_row tdi_6  wpb_row td-pb-row\" >\n<style scoped>\n\/* custom css - generated by TagDiv Composer *\/\n\n\/* custom css - generated by TagDiv Composer *\/\n.tdi_6,\r\n                .tdi_6 .tdc-columns{\r\n                    min-height: 0;\r\n                }.tdi_6,\r\n\t\t\t\t.tdi_6 .tdc-columns{\r\n\t\t\t\t    display: block;\r\n\t\t\t\t}.tdi_6 .tdc-columns{\r\n\t\t\t\t    width: 100%;\r\n\t\t\t\t}.tdi_6:before,\r\n\t\t\t\t.tdi_6:after{\r\n\t\t\t\t    display: table;\r\n\t\t\t\t}\n<\/style><div class=\"vc_column tdi_8  wpb_column vc_column_container tdc-column td-pb-span12\">\n<style scoped>\n\/* custom css - generated by TagDiv Composer *\/\n\n\/* custom css - generated by TagDiv Composer *\/\n.tdi_8{\r\n                    vertical-align: baseline;\r\n                }.tdi_8 > .wpb_wrapper,\r\n\t\t\t\t.tdi_8 > .wpb_wrapper > .tdc-elements{\r\n\t\t\t\t    display: block;\r\n\t\t\t\t}.tdi_8 > .wpb_wrapper > .tdc-elements{\r\n\t\t\t\t    width: 100%;\r\n\t\t\t\t}.tdi_8 > .wpb_wrapper > .vc_row_inner{\r\n\t\t\t\t    width: auto;\r\n\t\t\t\t}.tdi_8 > .wpb_wrapper{\r\n\t\t\t\t    width: auto;\r\n\t\t\t\t    height: auto;\r\n\t\t\t\t}\n<\/style><div class=\"wpb_wrapper\" ><\/div><\/div><\/div><\/div><div id=\"tdi_9\" class=\"tdc-row\"><div class=\"vc_row tdi_10  wpb_row td-pb-row\" >\n<style scoped>\n\/* custom css - generated by TagDiv Composer *\/\n\n\/* custom css - generated by TagDiv Composer *\/\n.tdi_10,\r\n                .tdi_10 .tdc-columns{\r\n                    min-height: 0;\r\n                }.tdi_10,\r\n\t\t\t\t.tdi_10 .tdc-columns{\r\n\t\t\t\t    display: block;\r\n\t\t\t\t}.tdi_10 .tdc-columns{\r\n\t\t\t\t    width: 100%;\r\n\t\t\t\t}.tdi_10:before,\r\n\t\t\t\t.tdi_10:after{\r\n\t\t\t\t    display: table;\r\n\t\t\t\t}\n<\/style><div class=\"vc_column tdi_12  wpb_column vc_column_container tdc-column td-pb-span8\">\n<style scoped>\n\/* custom css - generated by TagDiv Composer *\/\n\n\/* custom css - generated by TagDiv Composer *\/\n.tdi_12{\r\n                    vertical-align: baseline;\r\n                }.tdi_12 > .wpb_wrapper,\r\n\t\t\t\t.tdi_12 > .wpb_wrapper > .tdc-elements{\r\n\t\t\t\t    display: block;\r\n\t\t\t\t}.tdi_12 > .wpb_wrapper > .tdc-elements{\r\n\t\t\t\t    width: 100%;\r\n\t\t\t\t}.tdi_12 > .wpb_wrapper > .vc_row_inner{\r\n\t\t\t\t    width: auto;\r\n\t\t\t\t}.tdi_12 > .wpb_wrapper{\r\n\t\t\t\t    width: auto;\r\n\t\t\t\t    height: auto;\r\n\t\t\t\t}\n<\/style><div class=\"wpb_wrapper\" ><div class=\"td_block_wrap td_block_12 tdi_13 td-pb-border-top td_block_template_1 td-column-2\"  data-td-block-uid=\"tdi_13\" ><script>var block_tdi_13 = new tdBlock();\nblock_tdi_13.id = \"tdi_13\";\nblock_tdi_13.atts = '{\"category_ids\":\"10, 17, 21, \",\"block_type\":\"td_block_12\",\"separator\":\"\",\"custom_title\":\"\",\"custom_url\":\"\",\"block_template_id\":\"\",\"m11_tl\":\"\",\"m11_el\":\"\",\"post_ids\":\"\",\"category_id\":\"\",\"taxonomies\":\"\",\"in_all_terms\":\"\",\"tag_slug\":\"\",\"autors_id\":\"\",\"installed_post_types\":\"\",\"include_cf_posts\":\"\",\"exclude_cf_posts\":\"\",\"sort\":\"\",\"popular_by_date\":\"\",\"linked_posts\":\"\",\"favourite_only\":\"\",\"limit\":\"5\",\"offset\":\"\",\"open_in_new_window\":\"\",\"show_modified_date\":\"\",\"time_ago\":\"\",\"time_ago_add_txt\":\"ago\",\"time_ago_txt_pos\":\"\",\"review_source\":\"\",\"el_class\":\"\",\"td_ajax_filter_type\":\"\",\"td_ajax_filter_ids\":\"\",\"td_filter_default_txt\":\"All\",\"td_ajax_preloading\":\"\",\"f_header_font_header\":\"\",\"f_header_font_title\":\"Block header\",\"f_header_font_settings\":\"\",\"f_header_font_family\":\"\",\"f_header_font_size\":\"\",\"f_header_font_line_height\":\"\",\"f_header_font_style\":\"\",\"f_header_font_weight\":\"\",\"f_header_font_transform\":\"\",\"f_header_font_spacing\":\"\",\"f_header_\":\"\",\"f_ajax_font_title\":\"Ajax categories\",\"f_ajax_font_settings\":\"\",\"f_ajax_font_family\":\"\",\"f_ajax_font_size\":\"\",\"f_ajax_font_line_height\":\"\",\"f_ajax_font_style\":\"\",\"f_ajax_font_weight\":\"\",\"f_ajax_font_transform\":\"\",\"f_ajax_font_spacing\":\"\",\"f_ajax_\":\"\",\"f_more_font_title\":\"Load more button\",\"f_more_font_settings\":\"\",\"f_more_font_family\":\"\",\"f_more_font_size\":\"\",\"f_more_font_line_height\":\"\",\"f_more_font_style\":\"\",\"f_more_font_weight\":\"\",\"f_more_font_transform\":\"\",\"f_more_font_spacing\":\"\",\"f_more_\":\"\",\"m11f_title_font_header\":\"\",\"m11f_title_font_title\":\"Article title\",\"m11f_title_font_settings\":\"\",\"m11f_title_font_family\":\"\",\"m11f_title_font_size\":\"\",\"m11f_title_font_line_height\":\"\",\"m11f_title_font_style\":\"\",\"m11f_title_font_weight\":\"\",\"m11f_title_font_transform\":\"\",\"m11f_title_font_spacing\":\"\",\"m11f_title_\":\"\",\"m11f_cat_font_title\":\"Article category tag\",\"m11f_cat_font_settings\":\"\",\"m11f_cat_font_family\":\"\",\"m11f_cat_font_size\":\"\",\"m11f_cat_font_line_height\":\"\",\"m11f_cat_font_style\":\"\",\"m11f_cat_font_weight\":\"\",\"m11f_cat_font_transform\":\"\",\"m11f_cat_font_spacing\":\"\",\"m11f_cat_\":\"\",\"m11f_meta_font_title\":\"Article meta info\",\"m11f_meta_font_settings\":\"\",\"m11f_meta_font_family\":\"\",\"m11f_meta_font_size\":\"\",\"m11f_meta_font_line_height\":\"\",\"m11f_meta_font_style\":\"\",\"m11f_meta_font_weight\":\"\",\"m11f_meta_font_transform\":\"\",\"m11f_meta_font_spacing\":\"\",\"m11f_meta_\":\"\",\"m11f_ex_font_title\":\"Article excerpt\",\"m11f_ex_font_settings\":\"\",\"m11f_ex_font_family\":\"\",\"m11f_ex_font_size\":\"\",\"m11f_ex_font_line_height\":\"\",\"m11f_ex_font_style\":\"\",\"m11f_ex_font_weight\":\"\",\"m11f_ex_font_transform\":\"\",\"m11f_ex_font_spacing\":\"\",\"m11f_ex_\":\"\",\"m11f_btn_font_title\":\"Article read more button\",\"m11f_btn_font_settings\":\"\",\"m11f_btn_font_family\":\"\",\"m11f_btn_font_size\":\"\",\"m11f_btn_font_line_height\":\"\",\"m11f_btn_font_style\":\"\",\"m11f_btn_font_weight\":\"\",\"m11f_btn_font_transform\":\"\",\"m11f_btn_font_spacing\":\"\",\"m11f_btn_\":\"\",\"ajax_pagination\":\"\",\"ajax_pagination_next_prev_swipe\":\"\",\"ajax_pagination_infinite_stop\":\"\",\"css\":\"\",\"tdc_css\":\"\",\"td_column_number\":2,\"header_color\":\"\",\"color_preset\":\"\",\"border_top\":\"\",\"class\":\"tdi_13\",\"tdc_css_class\":\"tdi_13\",\"tdc_css_class_style\":\"tdi_13_rand_style\"}';\nblock_tdi_13.td_column_number = \"2\";\nblock_tdi_13.block_type = \"td_block_12\";\nblock_tdi_13.post_count = \"5\";\nblock_tdi_13.found_posts = \"462\";\nblock_tdi_13.header_color = \"\";\nblock_tdi_13.ajax_pagination_infinite_stop = \"\";\nblock_tdi_13.max_num_pages = \"93\";\ntdBlocksArray.push(block_tdi_13);\n<\/script><div class=\"td-block-title-wrap\"><\/div><div id=tdi_13 class=\"td_block_inner\">\n\n\t<div class=\"td-block-span12\">\n\r\n        <div class=\"td_module_11 td_module_wrap td-animation-stack\">\r\n            <div class=\"td-module-thumb\"><a href=\"https:\/\/www.igssgt.org\/noticias\/2026\/04\/17\/el-igss-y-el-banco-de-prevision-social-bps-de-uruguay-fortalecen-conocimientos-sobre-seguridad-social\/\"  rel=\"bookmark\" class=\"td-image-wrap \" title=\"El IGSS y el Banco de Previsi\u00f3n Social (BPS) de Uruguay fortalecen conocimientos sobre Seguridad Social\" ><img loading=\"lazy\" decoding=\"async\" class=\"entry-thumb\" src=\"data:image\/png;base64,iVBORw0KGgoAAAANSUhEUgAAAUQAAADrAQMAAAArGX0KAAAAA1BMVEWurq51dlI4AAAAAXRSTlMmkutdmwAAACBJREFUaN7twTEBAAAAwiD7pzbEXmAAAAAAAAAAAACQHSaOAAGSp1GBAAAAAElFTkSuQmCC\" alt=\"\" title=\"El IGSS y el Banco de Previsi\u00f3n Social (BPS) de Uruguay fortalecen conocimientos sobre Seguridad Social\" data-type=\"image_tag\" data-img-url=\"\/wp-content\/uploads\/sites\/5\/2026\/04\/IGSS-Segurodad-Social-Banco-de-Prevision-social-de-Uruguay-202600000-324x235.jpg\"  width=\"324\" height=\"235\" \/><\/a><\/div>\r\n            <div class=\"item-details\">\r\n                <h3 class=\"entry-title td-module-title\"><a href=\"https:\/\/www.igssgt.org\/noticias\/2026\/04\/17\/el-igss-y-el-banco-de-prevision-social-bps-de-uruguay-fortalecen-conocimientos-sobre-seguridad-social\/\"  rel=\"bookmark\" title=\"El IGSS y el Banco de Previsi\u00f3n Social (BPS) de Uruguay fortalecen conocimientos sobre Seguridad Social\">El IGSS y el Banco de Previsi\u00f3n Social (BPS) de Uruguay fortalecen conocimientos sobre...<\/a><\/h3>\r\n                <div class=\"td-module-meta-info\">\r\n                                                            <span class=\"td-post-date\"><time class=\"entry-date updated td-module-date\" datetime=\"2026-04-17T16:02:16-06:00\" >17 abril, 2026<\/time><\/span>                                    <\/div>\r\n\r\n                <div class=\"td-excerpt\">\r\n                    En una colaboraci\u00f3n interinstitucional entre el Instituto Guatemalteco de Seguridad Social (IGSS) y el Banco de Previsi\u00f3n Social de Uruguay (BPS), se llev\u00f3 a cabo la conferencia virtual internacional sobre Cultura de la Seguridad Social.                <\/div>\r\n\r\n                <div class=\"td-read-more\">\r\n                    <a href=\"https:\/\/www.igssgt.org\/noticias\/2026\/04\/17\/el-igss-y-el-banco-de-prevision-social-bps-de-uruguay-fortalecen-conocimientos-sobre-seguridad-social\/\">Leer m\u00e1s<\/a>\r\n                <\/div>\r\n            <\/div>\r\n\r\n        <\/div>\r\n\r\n        \n\t<\/div> <!-- .\/td-block-span12 -->\n\n\t<div class=\"td-block-span12\">\n\r\n        <div class=\"td_module_11 td_module_wrap td-animation-stack\">\r\n            <div class=\"td-module-thumb\"><a href=\"https:\/\/www.igssgt.org\/noticias\/2026\/04\/10\/jueces-y-magistrados-de-trabajo-seran-capacitados-en-seguridad-social\/\"  rel=\"bookmark\" class=\"td-image-wrap \" title=\"Jueces y Magistrados de Trabajo ser\u00e1n capacitados en Seguridad Social\" ><img loading=\"lazy\" decoding=\"async\" class=\"entry-thumb\" src=\"data:image\/png;base64,iVBORw0KGgoAAAANSUhEUgAAAUQAAADrAQMAAAArGX0KAAAAA1BMVEWurq51dlI4AAAAAXRSTlMmkutdmwAAACBJREFUaN7twTEBAAAAwiD7pzbEXmAAAAAAAAAAAACQHSaOAAGSp1GBAAAAAElFTkSuQmCC\" alt=\"\" title=\"Jueces y Magistrados de Trabajo ser\u00e1n capacitados en Seguridad Social\" data-type=\"image_tag\" data-img-url=\"\/wp-content\/uploads\/sites\/5\/2026\/04\/IGSS-Diplomado-a-jueces-Cultura-de-la-Seguridad-Social-202600014-324x235.jpg\"  width=\"324\" height=\"235\" \/><\/a><\/div>\r\n            <div class=\"item-details\">\r\n                <h3 class=\"entry-title td-module-title\"><a href=\"https:\/\/www.igssgt.org\/noticias\/2026\/04\/10\/jueces-y-magistrados-de-trabajo-seran-capacitados-en-seguridad-social\/\"  rel=\"bookmark\" title=\"Jueces y Magistrados de Trabajo ser\u00e1n capacitados en Seguridad Social\">Jueces y Magistrados de Trabajo ser\u00e1n capacitados en Seguridad Social<\/a><\/h3>\r\n                <div class=\"td-module-meta-info\">\r\n                                                            <span class=\"td-post-date\"><time class=\"entry-date updated td-module-date\" datetime=\"2026-04-10T14:53:46-06:00\" >10 abril, 2026<\/time><\/span>                                    <\/div>\r\n\r\n                <div class=\"td-excerpt\">\r\n                    M\u00e1s de 300 funcionarios judicial participar\u00e1n en el Diplomado de Cultura de Seguridad Social para el Instituto de Jueces y Magistrados de Trabajo y Previsi\u00f3n Social del Organismo Judicial (IJUMAT).                <\/div>\r\n\r\n                <div class=\"td-read-more\">\r\n                    <a href=\"https:\/\/www.igssgt.org\/noticias\/2026\/04\/10\/jueces-y-magistrados-de-trabajo-seran-capacitados-en-seguridad-social\/\">Leer m\u00e1s<\/a>\r\n                <\/div>\r\n            <\/div>\r\n\r\n        <\/div>\r\n\r\n        \n\t<\/div> <!-- .\/td-block-span12 -->\n\n\t<div class=\"td-block-span12\">\n\r\n        <div class=\"td_module_11 td_module_wrap td-animation-stack\">\r\n            <div class=\"td-module-thumb\"><a href=\"https:\/\/www.igssgt.org\/noticias\/2026\/03\/16\/el-igss-y-la-universidad-san-pablo-suscriben-convenio-para-el-intercambio-academico\/\"  rel=\"bookmark\" class=\"td-image-wrap \" title=\"El IGSS y la Universidad San Pablo suscriben convenio para el intercambio acad\u00e9mico\" ><img loading=\"lazy\" decoding=\"async\" class=\"entry-thumb\" src=\"data:image\/png;base64,iVBORw0KGgoAAAANSUhEUgAAAUQAAADrAQMAAAArGX0KAAAAA1BMVEWurq51dlI4AAAAAXRSTlMmkutdmwAAACBJREFUaN7twTEBAAAAwiD7pzbEXmAAAAAAAAAAAACQHSaOAAGSp1GBAAAAAElFTkSuQmCC\" alt=\"\" title=\"El IGSS y la Universidad San Pablo suscriben convenio para el intercambio acad\u00e9mico\" data-type=\"image_tag\" data-img-url=\"\/wp-content\/uploads\/sites\/5\/2026\/03\/IGSS-Convenio-IGSS-Universidad-San-Pablo-de-Guatemala-20262-324x235.jpg\"  width=\"324\" height=\"235\" \/><\/a><\/div>\r\n            <div class=\"item-details\">\r\n                <h3 class=\"entry-title td-module-title\"><a href=\"https:\/\/www.igssgt.org\/noticias\/2026\/03\/16\/el-igss-y-la-universidad-san-pablo-suscriben-convenio-para-el-intercambio-academico\/\"  rel=\"bookmark\" title=\"El IGSS y la Universidad San Pablo suscriben convenio para el intercambio acad\u00e9mico\">El IGSS y la Universidad San Pablo suscriben convenio para el intercambio acad\u00e9mico<\/a><\/h3>\r\n                <div class=\"td-module-meta-info\">\r\n                                                            <span class=\"td-post-date\"><time class=\"entry-date updated td-module-date\" datetime=\"2026-03-16T14:30:40-06:00\" >16 marzo, 2026<\/time><\/span>                                    <\/div>\r\n\r\n                <div class=\"td-excerpt\">\r\n                    El IGSS y la Universidad San Pablo firmaron un Convenio Marco de Cooperaci\u00f3n para incentivar el desarrollo de programas acad\u00e9micos, de capacitaci\u00f3n y formaci\u00f3n para estudiantes y trabajadores.                  <\/div>\r\n\r\n                <div class=\"td-read-more\">\r\n                    <a href=\"https:\/\/www.igssgt.org\/noticias\/2026\/03\/16\/el-igss-y-la-universidad-san-pablo-suscriben-convenio-para-el-intercambio-academico\/\">Leer m\u00e1s<\/a>\r\n                <\/div>\r\n            <\/div>\r\n\r\n        <\/div>\r\n\r\n        \n\t<\/div> <!-- .\/td-block-span12 -->\n\n\t<div class=\"td-block-span12\">\n\r\n        <div class=\"td_module_11 td_module_wrap td-animation-stack\">\r\n            <div class=\"td-module-thumb\"><a href=\"https:\/\/www.igssgt.org\/noticias\/2026\/03\/15\/capacitaciones-2026-un-compromiso-con-la-calidad-en-el-hge\/\"  rel=\"bookmark\" class=\"td-image-wrap \" title=\"Capacitaciones 2026, \u00a0un compromiso con la calidad en el HGE\" ><img loading=\"lazy\" decoding=\"async\" class=\"entry-thumb\" src=\"data:image\/png;base64,iVBORw0KGgoAAAANSUhEUgAAAUQAAADrAQMAAAArGX0KAAAAA1BMVEWurq51dlI4AAAAAXRSTlMmkutdmwAAACBJREFUaN7twTEBAAAAwiD7pzbEXmAAAAAAAAAAAACQHSaOAAGSp1GBAAAAAElFTkSuQmCC\" alt=\"\" title=\"Capacitaciones 2026, \u00a0un compromiso con la calidad en el HGE\" data-type=\"image_tag\" data-img-url=\"\/wp-content\/uploads\/sites\/5\/2026\/02\/IGSS-Hospital-General-de-Enfermedades-Nuevos-horarios-d-ela-Emergencia-20260-324x235.png\"  width=\"324\" height=\"235\" \/><\/a><\/div>\r\n            <div class=\"item-details\">\r\n                <h3 class=\"entry-title td-module-title\"><a href=\"https:\/\/www.igssgt.org\/noticias\/2026\/03\/15\/capacitaciones-2026-un-compromiso-con-la-calidad-en-el-hge\/\"  rel=\"bookmark\" title=\"Capacitaciones 2026, \u00a0un compromiso con la calidad en el HGE\">Capacitaciones 2026, \u00a0un compromiso con la calidad en el HGE<\/a><\/h3>\r\n                <div class=\"td-module-meta-info\">\r\n                                                            <span class=\"td-post-date\"><time class=\"entry-date updated td-module-date\" datetime=\"2026-03-15T05:08:00-06:00\" >15 marzo, 2026<\/time><\/span>                                    <\/div>\r\n\r\n                <div class=\"td-excerpt\">\r\n                    \nEl Hospital General de Enfermedades, del Instituto Guatemalteco de Seguridad Social, implementa una serie de capacitaciones, charlas y talleres como parte de su Programa...                <\/div>\r\n\r\n                <div class=\"td-read-more\">\r\n                    <a href=\"https:\/\/www.igssgt.org\/noticias\/2026\/03\/15\/capacitaciones-2026-un-compromiso-con-la-calidad-en-el-hge\/\">Leer m\u00e1s<\/a>\r\n                <\/div>\r\n            <\/div>\r\n\r\n        <\/div>\r\n\r\n        \n\t<\/div> <!-- .\/td-block-span12 -->\n\n\t<div class=\"td-block-span12\">\n\r\n        <div class=\"td_module_11 td_module_wrap td-animation-stack\">\r\n            <div class=\"td-module-thumb\"><a href=\"https:\/\/www.igssgt.org\/noticias\/2026\/03\/13\/el-igss-oficializa-el-lanzamiento-de-la-estrategia-de-salud-familiar-y-comunitaria\/\"  rel=\"bookmark\" class=\"td-image-wrap \" title=\"El IGSS oficializa el lanzamiento de la Estrategia de Salud Familiar y Comunitaria\" ><img loading=\"lazy\" decoding=\"async\" class=\"entry-thumb\" src=\"data:image\/png;base64,iVBORw0KGgoAAAANSUhEUgAAAUQAAADrAQMAAAArGX0KAAAAA1BMVEWurq51dlI4AAAAAXRSTlMmkutdmwAAACBJREFUaN7twTEBAAAAwiD7pzbEXmAAAAAAAAAAAACQHSaOAAGSp1GBAAAAAElFTkSuQmCC\" alt=\"\" title=\"El IGSS oficializa el lanzamiento de la Estrategia de Salud Familiar y Comunitaria\" data-type=\"image_tag\" data-img-url=\"\/wp-content\/uploads\/sites\/5\/2026\/03\/IGSS-Maestria-en-Medicina-Familiar-y-Cominitaria-Santa-Lucia-202617-324x235.jpg\"  width=\"324\" height=\"235\" \/><\/a><\/div>\r\n            <div class=\"item-details\">\r\n                <h3 class=\"entry-title td-module-title\"><a href=\"https:\/\/www.igssgt.org\/noticias\/2026\/03\/13\/el-igss-oficializa-el-lanzamiento-de-la-estrategia-de-salud-familiar-y-comunitaria\/\"  rel=\"bookmark\" title=\"El IGSS oficializa el lanzamiento de la Estrategia de Salud Familiar y Comunitaria\">El IGSS oficializa el lanzamiento de la Estrategia de Salud Familiar y Comunitaria<\/a><\/h3>\r\n                <div class=\"td-module-meta-info\">\r\n                                                            <span class=\"td-post-date\"><time class=\"entry-date updated td-module-date\" datetime=\"2026-03-13T15:20:09-06:00\" >13 marzo, 2026<\/time><\/span>                                    <\/div>\r\n\r\n                <div class=\"td-excerpt\">\r\n                    El IGSS oficializ\u00f3 el lanzamiento de la Estrategia de Salud Familiar y Comunitaria, marcando un hito en la transformaci\u00f3n del modelo de atenci\u00f3n en salud.                <\/div>\r\n\r\n                <div class=\"td-read-more\">\r\n                    <a href=\"https:\/\/www.igssgt.org\/noticias\/2026\/03\/13\/el-igss-oficializa-el-lanzamiento-de-la-estrategia-de-salud-familiar-y-comunitaria\/\">Leer m\u00e1s<\/a>\r\n                <\/div>\r\n            <\/div>\r\n\r\n        <\/div>\r\n\r\n        \n\t<\/div> <!-- .\/td-block-span12 --><\/div><\/div> <!-- .\/block --><\/div><\/div><div class=\"vc_column tdi_15  wpb_column vc_column_container tdc-column td-pb-span4\">\n<style scoped>\n\/* custom css - generated by TagDiv Composer *\/\n\n\/* custom css - generated by TagDiv Composer *\/\n.tdi_15{\r\n                    vertical-align: baseline;\r\n                }.tdi_15 > .wpb_wrapper,\r\n\t\t\t\t.tdi_15 > .wpb_wrapper > .tdc-elements{\r\n\t\t\t\t    display: block;\r\n\t\t\t\t}.tdi_15 > .wpb_wrapper > .tdc-elements{\r\n\t\t\t\t    width: 100%;\r\n\t\t\t\t}.tdi_15 > .wpb_wrapper > .vc_row_inner{\r\n\t\t\t\t    width: auto;\r\n\t\t\t\t}.tdi_15 > .wpb_wrapper{\r\n\t\t\t\t    width: auto;\r\n\t\t\t\t    height: auto;\r\n\t\t\t\t}\n<\/style><div class=\"wpb_wrapper\" ><\/div><\/div><\/div><\/div>","protected":false},"excerpt":{"rendered":"","protected":false},"author":4,"featured_media":0,"parent":8385,"menu_order":0,"comment_status":"closed","ping_status":"closed","template":"","meta":{"footnotes":""},"coauthors":[],"class_list":["post-8752","page","type-page","status-publish"],"_links":{"self":[{"href":"https:\/\/www.igssgt.org\/noticias\/wp-json\/wp\/v2\/pages\/8752","targetHints":{"allow":["GET"]}}],"collection":[{"href":"https:\/\/www.igssgt.org\/noticias\/wp-json\/wp\/v2\/pages"}],"about":[{"href":"https:\/\/www.igssgt.org\/noticias\/wp-json\/wp\/v2\/types\/page"}],"author":[{"embeddable":true,"href":"https:\/\/www.igssgt.org\/noticias\/wp-json\/wp\/v2\/users\/4"}],"replies":[{"embeddable":true,"href":"https:\/\/www.igssgt.org\/noticias\/wp-json\/wp\/v2\/comments?post=8752"}],"version-history":[{"count":0,"href":"https:\/\/www.igssgt.org\/noticias\/wp-json\/wp\/v2\/pages\/8752\/revisions"}],"up":[{"embeddable":true,"href":"https:\/\/www.igssgt.org\/noticias\/wp-json\/wp\/v2\/pages\/8385"}],"wp:attachment":[{"href":"https:\/\/www.igssgt.org\/noticias\/wp-json\/wp\/v2\/media?parent=8752"}],"wp:term":[{"taxonomy":"author","embeddable":true,"href":"https:\/\/www.igssgt.org\/noticias\/wp-json\/wp\/v2\/coauthors?post=8752"}],"curies":[{"name":"wp","href":"https:\/\/api.w.org\/{rel}","templated":true}]}}